{"id":64649,"date":"2026-02-04T10:33:40","date_gmt":"2026-02-04T09:33:40","guid":{"rendered":"https:\/\/rafacastaner.com\/inici\/"},"modified":"2026-03-05T11:58:26","modified_gmt":"2026-03-05T10:58:26","slug":"inici","status":"publish","type":"page","link":"https:\/\/www.rafacastaner.com\/ca\/","title":{"rendered":"Inici"},"content":{"rendered":"<p>[et_pb_section fb_built=&#8221;1&#8243; admin_label=&#8221;section&#8221; _builder_version=&#8221;4.27.4&#8243; width=&#8221;100%&#8221; max_width=&#8221;100%&#8221; custom_padding=&#8221;0px||0px||true|false&#8221; global_colors_info=&#8221;{}&#8221; theme_builder_area=&#8221;post_content&#8221;][et_pb_row column_structure=&#8221;1_2,1_2&#8243; admin_label=&#8221;row&#8221; _builder_version=&#8221;4.27.4&#8243; background_size=&#8221;initial&#8221; background_position=&#8221;top_left&#8221; background_repeat=&#8221;repeat&#8221; width=&#8221;100%&#8221; max_width=&#8221;100%&#8221; custom_padding=&#8221;0px||0px||true|false&#8221; custom_css_free_form=&#8221;@media(min-width:521px) and (max-width:980px){||  selector{||    display:flex !important;||\t\tflex-flow:row !important;||\t\tcolumn-gap: 2em !important;||\t}||  selector .et_pb_column:last-child,||  selector .et-last-child {||    margin-right:-2em !important;||  }||}&#8221; global_colors_info=&#8221;{}&#8221; custom_css_main_element_last_edited=&#8221;on|phone&#8221; custom_css_main_element_phone=&#8221;display:flex;||flex-flow:column;||column-gap: 0em;&#8221; theme_builder_area=&#8221;post_content&#8221;][et_pb_column type=&#8221;1_2&#8243; _builder_version=&#8221;4.16&#8243; custom_padding=&#8221;|||&#8221; global_colors_info=&#8221;{}&#8221; custom_padding__hover=&#8221;|||&#8221; theme_builder_area=&#8221;post_content&#8221;][et_pb_image src=&#8221;https:\/\/www.rafacastaner.com\/wp-content\/uploads\/rafa-castaner-obra.webp&#8221; alt=&#8221;Rafa Castaner Obra&#8221; title_text=&#8221;Rafa Castaner Obra&#8221; url=&#8221;https:\/\/rafacastaner.com\/obra\/&#8221; _builder_version=&#8221;4.27.4&#8243; _module_preset=&#8221;default&#8221; hover_enabled=&#8221;0&#8243; custom_css_free_form=&#8221;selector img{||    aspect-ratio: 1 \/ 1;||  width: 100%;||  object-fit: cover;||}&#8221; global_colors_info=&#8221;{}&#8221; theme_builder_area=&#8221;post_content&#8221; sticky_enabled=&#8221;0&#8243;][\/et_pb_image][et_pb_text _builder_version=&#8221;4.27.4&#8243; _module_preset=&#8221;default&#8221; text_font=&#8221;||||||||&#8221; header_font=&#8221;|700|||||||&#8221; header_font_size=&#8221;40px&#8221; header_2_font=&#8221;|700|||||||&#8221; header_2_font_size=&#8221;40px&#8221; custom_margin=&#8221;||1em||false|false&#8221; link_option_url=&#8221;https:\/\/rafacastaner.com\/obra\/&#8221; header_font_size_tablet=&#8221;35px&#8221; header_font_size_phone=&#8221;30px&#8221; header_font_size_last_edited=&#8221;on|phone&#8221; header_2_font_size_tablet=&#8221;35px&#8221; header_2_font_size_phone=&#8221;30px&#8221; header_2_font_size_last_edited=&#8221;on|phone&#8221; global_colors_info=&#8221;{}&#8221; theme_builder_area=&#8221;post_content&#8221;]<\/p>\n<h1>Obra<\/h1>\n<p>[\/et_pb_text][et_pb_button button_url=&#8221;https:\/\/www.rafacastaner.com\/ca\/obra\/&#8221; button_text=&#8221;Saber-ne m\u00e9s&#8221; _builder_version=&#8221;4.27.4&#8243; _module_preset=&#8221;default&#8221; global_colors_info=&#8221;{}&#8221; theme_builder_area=&#8221;post_content&#8221;][\/et_pb_button][\/et_pb_column][et_pb_column type=&#8221;1_2&#8243; _builder_version=&#8221;4.16&#8243; custom_padding=&#8221;|||&#8221; global_colors_info=&#8221;{}&#8221; custom_padding__hover=&#8221;|||&#8221; theme_builder_area=&#8221;post_content&#8221;][et_pb_image src=&#8221;https:\/\/www.rafacastaner.com\/wp-content\/uploads\/rafa-castaner-clases-talleres.webp&#8221; alt=&#8221;Rafa Castaner Classes Tallers&#8221; title_text=&#8221;Rafa Castaner Classes Tallers&#8221; url=&#8221;https:\/\/rafacastaner.com\/clases-y-talleres\/&#8221; _builder_version=&#8221;4.27.4&#8243; _module_preset=&#8221;default&#8221; custom_css_free_form=&#8221;selector img{||    aspect-ratio: 1 \/ 1;||  width: 100%;||  object-fit: cover;||}&#8221; global_colors_info=&#8221;{}&#8221; theme_builder_area=&#8221;post_content&#8221;][\/et_pb_image][et_pb_text _builder_version=&#8221;4.27.4&#8243; _module_preset=&#8221;default&#8221; text_font=&#8221;||||||||&#8221; header_font=&#8221;|700|||||||&#8221; header_font_size=&#8221;40px&#8221; header_2_font=&#8221;|700|||||||&#8221; header_2_font_size=&#8221;40px&#8221; custom_margin=&#8221;||1em||false|false&#8221; link_option_url=&#8221;https:\/\/rafacastaner.com\/clases-y-talleres\/&#8221; header_font_size_tablet=&#8221;35px&#8221; header_font_size_phone=&#8221;30px&#8221; header_font_size_last_edited=&#8221;on|phone&#8221; header_2_font_size_tablet=&#8221;35px&#8221; header_2_font_size_phone=&#8221;30px&#8221; header_2_font_size_last_edited=&#8221;on|phone&#8221; global_colors_info=&#8221;{}&#8221; theme_builder_area=&#8221;post_content&#8221;]<\/p>\n<h1>Pedagogia<\/h1>\n<p>[\/et_pb_text][et_pb_button button_url=&#8221;https:\/\/www.rafacastaner.com\/ca\/pedagogia\/&#8221; button_text=&#8221;Saber-ne m\u00e9s&#8221; _builder_version=&#8221;4.27.4&#8243; _module_preset=&#8221;default&#8221; global_colors_info=&#8221;{}&#8221; theme_builder_area=&#8221;post_content&#8221;][\/et_pb_button][\/et_pb_column][\/et_pb_row][\/et_pb_section]<\/p>\n","protected":false},"excerpt":{"rendered":"<p>ObraPedagogia<\/p>\n","protected":false},"author":1,"featured_media":0,"parent":0,"menu_order":0,"comment_status":"closed","ping_status":"closed","template":"","meta":{"_acf_changed":false,"_et_pb_use_builder":"on","_et_pb_old_content":"","_et_gb_content_width":"","inline_featured_image":false,"footnotes":""},"class_list":["post-64649","page","type-page","status-publish","hentry"],"acf":[],"yoast_head":"<!-- This site is optimized with the Yoast SEO plugin v27.0 - https:\/\/yoast.com\/product\/yoast-seo-wordpress\/ -->\n<title>Rafa Casta\u00f1er | Dibuixar \u00e9s explicar amb les mans<\/title>\n<meta name=\"description\" content=\"Dibuixar \u00e9s explicar amb les mans. Explora l\u00b4univers creatiu de Rafa Casta\u00f1er: il\u00b7lustraci\u00f3, obra art\u00edstica, tallers i projectes vius.\" \/>\n<meta name=\"robots\" content=\"index, follow, max-snippet:-1, max-image-preview:large, max-video-preview:-1\" \/>\n<link rel=\"canonical\" href=\"https:\/\/www.rafacastaner.com\/ca\/\" \/>\n<meta property=\"og:locale\" content=\"ca_ES\" \/>\n<meta property=\"og:type\" content=\"article\" \/>\n<meta property=\"og:title\" content=\"Rafa Casta\u00f1er | Dibuixar \u00e9s explicar amb les mans\" \/>\n<meta property=\"og:description\" content=\"Dibuixar \u00e9s explicar amb les mans. Explora l\u00b4univers creatiu de Rafa Casta\u00f1er: il\u00b7lustraci\u00f3, obra art\u00edstica, tallers i projectes vius.\" \/>\n<meta property=\"og:url\" content=\"https:\/\/www.rafacastaner.com\/ca\/\" \/>\n<meta property=\"og:site_name\" content=\"Rafa Casta\u00f1er\" \/>\n<meta property=\"article:modified_time\" content=\"2026-03-05T10:58:26+00:00\" \/>\n<meta name=\"twitter:card\" content=\"summary_large_image\" \/>\n<meta name=\"twitter:label1\" content=\"Temps estimat de lectura\" \/>\n\t<meta name=\"twitter:data1\" content=\"2 minuts\" \/>\n<script type=\"application\/ld+json\" class=\"yoast-schema-graph\">{\"@context\":\"https:\/\/schema.org\",\"@graph\":[{\"@type\":\"WebPage\",\"@id\":\"https:\/\/www.rafacastaner.com\/ca\/\",\"url\":\"https:\/\/www.rafacastaner.com\/ca\/\",\"name\":\"Rafa Casta\u00f1er | Dibuixar \u00e9s explicar amb les mans\",\"isPartOf\":{\"@id\":\"https:\/\/www.rafacastaner.com\/ca\/#website\"},\"datePublished\":\"2026-02-04T09:33:40+00:00\",\"dateModified\":\"2026-03-05T10:58:26+00:00\",\"description\":\"Dibuixar \u00e9s explicar amb les mans. Explora l\u00b4univers creatiu de Rafa Casta\u00f1er: il\u00b7lustraci\u00f3, obra art\u00edstica, tallers i projectes vius.\",\"breadcrumb\":{\"@id\":\"https:\/\/www.rafacastaner.com\/ca\/#breadcrumb\"},\"inLanguage\":\"ca\",\"potentialAction\":[{\"@type\":\"ReadAction\",\"target\":[\"https:\/\/www.rafacastaner.com\/ca\/\"]}]},{\"@type\":\"BreadcrumbList\",\"@id\":\"https:\/\/www.rafacastaner.com\/ca\/#breadcrumb\",\"itemListElement\":[{\"@type\":\"ListItem\",\"position\":1,\"name\":\"Portada\",\"item\":\"https:\/\/www.rafacastaner.com\/ca\/\"},{\"@type\":\"ListItem\",\"position\":2,\"name\":\"Inici\"}]},{\"@type\":\"WebSite\",\"@id\":\"https:\/\/www.rafacastaner.com\/ca\/#website\",\"url\":\"https:\/\/www.rafacastaner.com\/ca\/\",\"name\":\"Rafa Casta\u00f1er\",\"description\":\"\",\"potentialAction\":[{\"@type\":\"SearchAction\",\"target\":{\"@type\":\"EntryPoint\",\"urlTemplate\":\"https:\/\/www.rafacastaner.com\/ca\/?s={search_term_string}\"},\"query-input\":{\"@type\":\"PropertyValueSpecification\",\"valueRequired\":true,\"valueName\":\"search_term_string\"}}],\"inLanguage\":\"ca\"}]}<\/script>\n<!-- \/ Yoast SEO plugin. -->","yoast_head_json":{"title":"Rafa Casta\u00f1er | Dibuixar \u00e9s explicar amb les mans","description":"Dibuixar \u00e9s explicar amb les mans. Explora l\u00b4univers creatiu de Rafa Casta\u00f1er: il\u00b7lustraci\u00f3, obra art\u00edstica, tallers i projectes vius.","robots":{"index":"index","follow":"follow","max-snippet":"max-snippet:-1","max-image-preview":"max-image-preview:large","max-video-preview":"max-video-preview:-1"},"canonical":"https:\/\/www.rafacastaner.com\/ca\/","og_locale":"ca_ES","og_type":"article","og_title":"Rafa Casta\u00f1er | Dibuixar \u00e9s explicar amb les mans","og_description":"Dibuixar \u00e9s explicar amb les mans. Explora l\u00b4univers creatiu de Rafa Casta\u00f1er: il\u00b7lustraci\u00f3, obra art\u00edstica, tallers i projectes vius.","og_url":"https:\/\/www.rafacastaner.com\/ca\/","og_site_name":"Rafa Casta\u00f1er","article_modified_time":"2026-03-05T10:58:26+00:00","twitter_card":"summary_large_image","twitter_misc":{"Temps estimat de lectura":"2 minuts"},"schema":{"@context":"https:\/\/schema.org","@graph":[{"@type":"WebPage","@id":"https:\/\/www.rafacastaner.com\/ca\/","url":"https:\/\/www.rafacastaner.com\/ca\/","name":"Rafa Casta\u00f1er | Dibuixar \u00e9s explicar amb les mans","isPartOf":{"@id":"https:\/\/www.rafacastaner.com\/ca\/#website"},"datePublished":"2026-02-04T09:33:40+00:00","dateModified":"2026-03-05T10:58:26+00:00","description":"Dibuixar \u00e9s explicar amb les mans. Explora l\u00b4univers creatiu de Rafa Casta\u00f1er: il\u00b7lustraci\u00f3, obra art\u00edstica, tallers i projectes vius.","breadcrumb":{"@id":"https:\/\/www.rafacastaner.com\/ca\/#breadcrumb"},"inLanguage":"ca","potentialAction":[{"@type":"ReadAction","target":["https:\/\/www.rafacastaner.com\/ca\/"]}]},{"@type":"BreadcrumbList","@id":"https:\/\/www.rafacastaner.com\/ca\/#breadcrumb","itemListElement":[{"@type":"ListItem","position":1,"name":"Portada","item":"https:\/\/www.rafacastaner.com\/ca\/"},{"@type":"ListItem","position":2,"name":"Inici"}]},{"@type":"WebSite","@id":"https:\/\/www.rafacastaner.com\/ca\/#website","url":"https:\/\/www.rafacastaner.com\/ca\/","name":"Rafa Casta\u00f1er","description":"","potentialAction":[{"@type":"SearchAction","target":{"@type":"EntryPoint","urlTemplate":"https:\/\/www.rafacastaner.com\/ca\/?s={search_term_string}"},"query-input":{"@type":"PropertyValueSpecification","valueRequired":true,"valueName":"search_term_string"}}],"inLanguage":"ca"}]}},"_links":{"self":[{"href":"https:\/\/www.rafacastaner.com\/ca\/wp-json\/wp\/v2\/pages\/64649","targetHints":{"allow":["GET"]}}],"collection":[{"href":"https:\/\/www.rafacastaner.com\/ca\/wp-json\/wp\/v2\/pages"}],"about":[{"href":"https:\/\/www.rafacastaner.com\/ca\/wp-json\/wp\/v2\/types\/page"}],"author":[{"embeddable":true,"href":"https:\/\/www.rafacastaner.com\/ca\/wp-json\/wp\/v2\/users\/1"}],"replies":[{"embeddable":true,"href":"https:\/\/www.rafacastaner.com\/ca\/wp-json\/wp\/v2\/comments?post=64649"}],"version-history":[{"count":13,"href":"https:\/\/www.rafacastaner.com\/ca\/wp-json\/wp\/v2\/pages\/64649\/revisions"}],"predecessor-version":[{"id":64915,"href":"https:\/\/www.rafacastaner.com\/ca\/wp-json\/wp\/v2\/pages\/64649\/revisions\/64915"}],"wp:attachment":[{"href":"https:\/\/www.rafacastaner.com\/ca\/wp-json\/wp\/v2\/media?parent=64649"}],"curies":[{"name":"wp","href":"https:\/\/api.w.org\/{rel}","templated":true}]}}