{"id":62311,"date":"2026-02-04T11:19:20","date_gmt":"2026-02-04T10:19:20","guid":{"rendered":"https:\/\/rafacastaner.com\/?page_id=62311"},"modified":"2026-02-25T16:54:54","modified_gmt":"2026-02-25T15:54:54","slug":"politica-de-cookies","status":"publish","type":"page","link":"https:\/\/www.rafacastaner.com\/ca\/politica-de-cookies\/","title":{"rendered":"Pol\u00edtica de cookies"},"content":{"rendered":"<p>[et_pb_section fb_built=&#8221;1&#8243; admin_label=&#8221;section&#8221; _builder_version=&#8221;4.27.4&#8243; width=&#8221;100%&#8221; max_width=&#8221;100%&#8221; custom_padding=&#8221;0px||0px||true|false&#8221; global_colors_info=&#8221;{}&#8221; theme_builder_area=&#8221;et_body_layout&#8221;][et_pb_row admin_label=&#8221;row&#8221; _builder_version=&#8221;4.27.4&#8243; background_size=&#8221;initial&#8221; background_position=&#8221;top_left&#8221; background_repeat=&#8221;repeat&#8221; width=&#8221;100%&#8221; max_width=&#8221;100%&#8221; custom_padding=&#8221;0px||||false|false&#8221; custom_css_main_element=&#8221;display:flex;||align-items:center;&#8221; global_colors_info=&#8221;{}&#8221; custom_css_main_element_last_edited=&#8221;on|tablet&#8221; custom_css_main_element_tablet=&#8221;flex-flow:column;&#8221; custom_css_main_element_phone=&#8221;flex-flow:column;&#8221; theme_builder_area=&#8221;et_body_layout&#8221;][et_pb_column type=&#8221;4_4&#8243; _builder_version=&#8221;4.16&#8243; custom_padding=&#8221;|||&#8221; global_colors_info=&#8221;{}&#8221; custom_padding__hover=&#8221;|||&#8221; theme_builder_area=&#8221;et_body_layout&#8221;][et_pb_text _builder_version=&#8221;4.27.4&#8243; _module_preset=&#8221;default&#8221; text_font=&#8221;||||||||&#8221; header_font=&#8221;|700|||||||&#8221; header_font_size=&#8221;40px&#8221; header_2_font=&#8221;|700|||||||&#8221; header_2_font_size=&#8221;40px&#8221; custom_margin=&#8221;||1em||false|false&#8221; hover_enabled=&#8221;0&#8243; header_font_size_tablet=&#8221;35px&#8221; header_font_size_phone=&#8221;30px&#8221; header_font_size_last_edited=&#8221;on|phone&#8221; header_2_font_size_tablet=&#8221;35px&#8221; header_2_font_size_phone=&#8221;30px&#8221; header_2_font_size_last_edited=&#8221;on|phone&#8221; locked=&#8221;off&#8221; global_colors_info=&#8221;{}&#8221; theme_builder_area=&#8221;et_body_layout&#8221; sticky_enabled=&#8221;0&#8243;]<\/p>\n<h1>Pol\u00edtica de cookies<\/h1>\n<p>[\/et_pb_text][et_pb_text _builder_version=&#8221;4.27.4&#8243; _module_preset=&#8221;default&#8221; header_2_line_height=&#8221;1.2em&#8221; hover_enabled=&#8221;0&#8243; custom_css_free_form=&#8221;selector td,||selector tr{||  padding:0.5em;||}&#8221; global_colors_info=&#8221;{}&#8221; theme_builder_area=&#8221;et_body_layout&#8221; sticky_enabled=&#8221;0&#8243;]<\/p>\n<p>Conforme a lo dispuesto en el art\u00edculo 22.2 de la Ley 34\/2002, de 11 de julio, de Servicios de la Sociedad de la Informaci\u00f3n y de Comercio Electr\u00f3nico (LSSI-CE) vigente, RAFAEL JOSE CASTA\u00d1ER MASDEU debe cumplir con la obligaci\u00f3n de informar sobre las cookies que utiliza y sus finalidades.<\/p>\n<p>Este sitio web utiliza cookies y\/o tecnolog\u00edas similares que almacenan y recuperan informaci\u00f3n cuando navegas. Las cookies permiten a una p\u00e1gina web, entre otras cosas, almacenar y recuperar informaci\u00f3n sobre los h\u00e1bitos de navegaci\u00f3n de un Usuario o de su equipo y, dependiendo de la informaci\u00f3n que contenga y de la forma en que utilice su equipo, pueden utilizarse para reconocer al Usuario.<br \/>Las cookies son esenciales para el funcionamiento de internet, aportando innumerables ventajas en la prestaci\u00f3n de servicios interactivos, facilit\u00e1ndole al Usuario la navegaci\u00f3n y usabilidad de nuestra web.<\/p>\n<p>La informaci\u00f3n que le proporcionamos a continuaci\u00f3n le ayudar\u00e1 a comprender los diferentes tipos de cookies:<\/p>\n<p>[\/et_pb_text][et_pb_text _builder_version=&#8221;4.27.4&#8243; _module_preset=&#8221;default&#8221; header_2_line_height=&#8221;1.2em&#8221; hover_enabled=&#8221;0&#8243; custom_css_free_form=&#8221;selector td,||selector tr{||  padding:0.5em;||}&#8221; global_colors_info=&#8221;{}&#8221; theme_builder_area=&#8221;et_body_layout&#8221; sticky_enabled=&#8221;0&#8243;]<\/p>\n<table>\n<tbody>\n<tr>\n<td colspan=\"3\">\n<p>&nbsp;<\/p>\n<p><b>TIPOS DE COOKIES<\/b><\/p>\n<\/td>\n<\/tr>\n<tr>\n<td rowspan=\"2\">\n<p>&nbsp;<\/p>\n<p><b>SEG\u00daN LA ENTIDAD QUE LAS GESTIONE<\/b><\/p>\n<\/td>\n<td>\n<p>&nbsp;<\/p>\n<p><span>COOKIES PROPIAS<\/span><\/p>\n<\/td>\n<td><span>Son aquellas que se env\u00edan al equipo terminal del usuario desde un equipo o dominio gestionado por el propio editor y desde el que se presta el servicio solicitado por el usuario.<\/span><\/td>\n<\/tr>\n<tr>\n<td>\n<p>&nbsp;<\/p>\n<p><span>COOKIES<\/span><span>\u00a0<\/span><span>DE TERCERO<\/span><\/p>\n<\/td>\n<td><span>Son aquellas que se env\u00edan al equipo terminal del usuario desde un equipo o dominio que no es gestionado por el editor, sino por otra entidad que trata los datos obtenidos a trav\u00e9s de las cookies.<\/span><\/td>\n<\/tr>\n<tr>\n<td rowspan=\"2\"><b>SEG\u00daN EL PLAZO DE<\/b><span>\u00a0<\/span><b>TIEMPO<\/b><span>\u00a0<\/span><b>QUE PERMANEZCAN ACTIVADAS<\/b><\/td>\n<td>\n<p>&nbsp;<\/p>\n<p><span>COOKIES DE SESI\u00d3N<\/span><\/p>\n<\/td>\n<td><span>Son aquellas dise\u00f1adas para recabar y almacenar datos mientras el usuario accede a una p\u00e1gina web. Se suelen emplear para almacenar informaci\u00f3n que solo interesa conservar para la prestaci\u00f3n del servicio solicitado por el usuario en una sola ocasi\u00f3n (por ejemplo, una lista de productos adquiridos) y desaparecen al terminar la sesi\u00f3n.<\/span><\/td>\n<\/tr>\n<tr>\n<td>\n<p>&nbsp;<\/p>\n<p><span>COOKIES PERSISTENTES<\/span><\/p>\n<\/td>\n<td><span>Son aquellas en las que los datos siguen almacenados en el terminal y pueden ser accedidos y tratados durante un periodo definido por el responsable de la cookie, y que puede ir de unos minutos a varios a\u00f1os.<\/span><\/td>\n<\/tr>\n<tr>\n<td rowspan=\"5\">\n<p><b>SEG\u00daN<\/b><span>\u00a0<\/span><b>SU<\/b><\/p>\n<p><b>FINALIDAD<\/b><\/p>\n<\/td>\n<td>\n<p>&nbsp;<\/p>\n<p><span>COOKIES T\u00c9CNICAS<\/span><\/p>\n<\/td>\n<td><span>Son aquellas que permiten al usuario la navegaci\u00f3n a trav\u00e9s de una p\u00e1gina web, plataforma o aplicaci\u00f3n y la utilizaci\u00f3n de las diferentes opciones o servicios que en ella existan<\/span><\/td>\n<\/tr>\n<tr>\n<td><span>COOKIES<\/span><span>\u00a0<\/span><span>DE PERSONALIZACI\u00d3N<\/span><\/td>\n<td><span>Permiten aplicar caracter\u00edsticas propias para la navegaci\u00f3n del usuario por el website (Ej. idioma).<\/span><\/td>\n<\/tr>\n<tr>\n<td>\n<p>&nbsp;<\/p>\n<p><span>COOKIES DE AN\u00c1LISIS<\/span><\/p>\n<\/td>\n<td><span>Son aquellas que permiten al responsable de estas el seguimiento y an\u00e1lisis del comportamiento de los usuarios de los sitios web a los que est\u00e1n vinculadas, incluida la cuantificaci\u00f3n de los impactos de los anuncios. La informaci\u00f3n recogida mediante este tipo de cookies se utiliza en la medici\u00f3n de la actividad de los sitios web, aplicaci\u00f3n o plataforma, con el fin de introducir mejoras en funci\u00f3n del an\u00e1lisis de los datos de uso que hacen los usuarios del servicio.<\/span><\/td>\n<\/tr>\n<tr>\n<td><span>COOKIES PUBLICITARIAS<\/span><\/td>\n<td>\n<p><span>Permiten al editor incluir en la p\u00e1gina web espacios<\/span><\/p>\n<p><span>publicitarios, seg\u00fan el contenido de la propia web.<\/span><\/p>\n<\/td>\n<\/tr>\n<tr>\n<td><span>COOKIES<\/span><span>\u00a0<\/span><span>DE PUBLICIDAD COMPORTAMENTA<\/span><\/td>\n<td><span>Son aquellas \u00a0 que \u00a0 almacenan \u00a0 informaci\u00f3n \u00a0 del comportamiento de los usuarios obtenida a trav\u00e9s de la observaci\u00f3n continuada de sus h\u00e1bitos de navegaci\u00f3n, lo que permite desarrollar un perfil espec\u00edfico para mostrar publicidad en funci\u00f3n del mismo.<\/span><\/td>\n<\/tr>\n<\/tbody>\n<\/table>\n<p>[\/et_pb_text][et_pb_text _builder_version=&#8221;4.27.4&#8243; _module_preset=&#8221;default&#8221; header_2_line_height=&#8221;1.2em&#8221; hover_enabled=&#8221;0&#8243; custom_css_free_form=&#8221;selector td,||selector tr{||  padding:0.5em;||}&#8221; global_colors_info=&#8221;{}&#8221; theme_builder_area=&#8221;et_body_layout&#8221; sticky_enabled=&#8221;0&#8243;]<\/p>\n<p><span>Adicionalmente, RAFAEL JOSE CASTA\u00d1ER MASDEU informa de manera m\u00e1s detallada de las cookies que utiliza sus <\/span><span>titulares, el uso o finalidad concreta, los plazos de conservaci\u00f3n, as\u00ed como de las posibles Transferencias <\/span><span>Internacionales de datos de cada una de ellas utilizadas en nuestra p\u00e1gina web:<\/span><\/p>\n<p>[\/et_pb_text][et_pb_text _builder_version=&#8221;4.27.4&#8243; _module_preset=&#8221;default&#8221; header_2_line_height=&#8221;1.2em&#8221; hover_enabled=&#8221;0&#8243; custom_css_free_form=&#8221;selector td,||selector tr{||  padding:0.5em;||}&#8221; global_colors_info=&#8221;{}&#8221; theme_builder_area=&#8221;et_body_layout&#8221; sticky_enabled=&#8221;0&#8243;]<\/p>\n<p><google-sheets-html-origin><\/p>\n<style type=\"text\/css\"><!--td {border: 1px solid #cccccc;}br {mso-data-placement:same-cell;}--><\/style>\n<table xmlns=\"http:\/\/www.w3.org\/1999\/xhtml\" cellspacing=\"0\" cellpadding=\"0\" dir=\"ltr\" border=\"1\" data-sheets-root=\"1\" data-sheets-baot=\"1\">\n<colgroup>\n<col width=\"286\" \/>\n<col width=\"214\" \/>\n<col width=\"301\" \/>\n<col width=\"179\" \/>\n<col width=\"151\" \/>\n<col width=\"145\" \/><\/colgroup>\n<tbody>\n<tr>\n<td>Nombre<\/td>\n<td>Dominio<\/td>\n<td>Descripci\u00f3n<\/td>\n<td>Duraci\u00f3n<\/td>\n<td>Tipo<\/td>\n<td>Servicio que instala la cookie<\/td>\n<\/tr>\n<tr>\n<td>_ga_*<\/td>\n<td>*.rafacastaner.com<\/td>\n<td>Google Analytics configura esta cookie para almacenar y contar las visitas a la p\u00e1gina.<\/td>\n<td>1 a\u00f1o 1 mes 4 d\u00edas<\/td>\n<td>Anal\u00edtica<\/td>\n<td rowspan=\"2\" colspan=\"1\">\n<div>Google Analytics<\/div>\n<\/td>\n<\/tr>\n<tr>\n<td>_ga_*<\/td>\n<td>*.rafacastaner.com<\/td>\n<td>Google Analytics configura esta cookie para calcular los datos de visitantes, sesiones y campa\u00f1as y realizar un seguimiento del uso del sitio para el informe anal\u00edtico del sitio. La cookie almacena informaci\u00f3n de forma an\u00f3nima y asigna un n\u00famero generado aleatoriamente para reconocer visitantes \u00fanicos.<\/td>\n<td>1 a\u00f1o 1 mes 4 d\u00edas<\/td>\n<td>Anal\u00edtica<\/td>\n<\/tr>\n<tr>\n<td>cmplz_banner-status<\/td>\n<td>*.rafacastaner.com<\/td>\n<td>Complianz usa esta cookie para conocer el estado de aceptaci\u00f3n de las cookies y mostrar el aviso y la configuraci\u00f3n de las cookies.<\/td>\n<td>1a\u00f1o<\/td>\n<td>Funcional<\/td>\n<td rowspan=\"7\" colspan=\"1\">\n<div>Plugin Complianz<\/div>\n<\/td>\n<\/tr>\n<tr>\n<td>cmplz_preferences<\/td>\n<td>*.rafacastaner.com<\/td>\n<td>Complianz usa esta cookie para guardar las opciones de cookies elegidas.<\/td>\n<td>1a\u00f1o<\/td>\n<td>Funcional<\/td>\n<\/tr>\n<tr>\n<td>cmplz_statistics<\/td>\n<td>*.rafacastaner.com<\/td>\n<td>Complianz usa esta cookie para instalar o no las cookies estad\u00edsticas seg\u00fan la decisi\u00f3n del usuario.<\/td>\n<td>1a\u00f1o<\/td>\n<td>Funcional<\/td>\n<\/tr>\n<tr>\n<td>cmplz_marketing<\/td>\n<td>*.rafacastaner.com<\/td>\n<td>Complianz usa esta cookie para instalar o no las cookies de marketing seg\u00fan la decisi\u00f3n del usuario.<\/td>\n<td>1a\u00f1o<\/td>\n<td>Funcional<\/td>\n<\/tr>\n<tr>\n<td>cmplz_functional<\/td>\n<td>*.rafacastaner.com<\/td>\n<td>Complianz usa esta cookie para instalar o no las cookies funcionales seg\u00fan la decisi\u00f3n del usuario<\/td>\n<td>1a\u00f1o<\/td>\n<td>Funcional<\/td>\n<\/tr>\n<tr>\n<td>cmplz_policy_id<\/td>\n<td>*.rafacastaner.com<\/td>\n<td>Complianz usa esta cookie para almacenar el ID del aviso de cookies aceptado.<\/td>\n<td>1a\u00f1o<\/td>\n<td>Funcional<\/td>\n<\/tr>\n<tr>\n<td>cmplz_consented_services<\/td>\n<td>*.rafacastaner.com<\/td>\n<td>Complianz usa esta cookie para almacenar las preferencias de consentimiento sobre el resto de servicios de la web.<\/td>\n<td>1a\u00f1o<\/td>\n<td>Funcional<\/td>\n<\/tr>\n<tr>\n<td>wp-wpml_current_language<\/td>\n<td>*.rafacastaner.com<\/td>\n<td>WPML usa esta cookie para cambiar el idioma en el que se muestra la web<\/td>\n<td>sesi\u00f3n<\/td>\n<td>Funcional<\/td>\n<td>Plugin WPML<\/td>\n<\/tr>\n<tr>\n<td>et_bloom_optin_optin_6_custom_form_imp<\/td>\n<td>*.rafacastaner.com<\/td>\n<td>Los formularios de Divi usan esta cookie para conocer el estado de aceptaci\u00f3n de la pol\u00edtica de privacidad<\/td>\n<td>1 a\u00f1o<\/td>\n<td>Funcional<\/td>\n<td>Formularios Divi<\/td>\n<\/tr>\n<tr>\n<td>cerber_groove<\/td>\n<td>*.rafacastaner.com<\/td>\n<td>Proporciona protecci\u00f3n contra los piratas inform\u00e1ticos<\/td>\n<td>1 a\u00f1o<\/td>\n<td>Seguridad<\/td>\n<td>WP Cerber<\/td>\n<\/tr>\n<tr>\n<td>cerber_groove_x_*<\/td>\n<td>*.rafacastaner.com<\/td>\n<td>Proporciona protecci\u00f3n contra los piratas inform\u00e1ticos<\/td>\n<td>2 semanas<\/td>\n<td>Seguridad<\/td>\n<td>WP Cerber<\/td>\n<\/tr>\n<tr>\n<td>_lscache_vary<\/td>\n<td>*.rafacastaner.com<\/td>\n<td>Usada en cach\u00e9 y rendimiento<\/td>\n<td>2 d\u00edas<\/td>\n<td>Funcional<\/td>\n<td>Lite Speed Cache<\/td>\n<\/tr>\n<\/tbody>\n<\/table>\n<p><\/google-sheets-html-origin><\/p>\n<p>[\/et_pb_text][et_pb_text _builder_version=&#8221;4.27.4&#8243; _module_preset=&#8221;default&#8221; header_2_line_height=&#8221;1.2em&#8221; hover_enabled=&#8221;0&#8243; custom_css_free_form=&#8221;selector td,||selector tr{||  padding:0.5em;||}&#8221; global_colors_info=&#8221;{}&#8221; theme_builder_area=&#8221;et_body_layout&#8221; sticky_enabled=&#8221;0&#8243;]<\/p>\n<p>A continuaci\u00f3n, le proporcionamos los enlaces de diversos navegadores, a trav\u00e9s de los cuales podr\u00e1 modificar la configuraci\u00f3n de su navegador sobre el uso de cookies:<\/p>\n<ul>\n<li>Firefox:<span>\u00a0<\/span><a href=\"https:\/\/support.mozilla.org\/es\/kb\/cookies-informacion-que-los-sitios-web-guardan-en\">https:\/\/support.mozilla.org\/es\/kb\/cookies-informacion-que-los-sitios-web-guardan-en<\/a><\/li>\n<li>Chrome:<span>\u00a0<\/span><a href=\"https:\/\/support.google.com\/chrome\/answer\/95647?hl=es\">https:\/\/support.google.com\/chrome\/answer\/95647?hl=es<\/a><\/li>\n<li>Internet Explorer:<span>\u00a0<\/span><a href=\"http:\/\/windows.microsoft.com\/es-es\/internet-explorer\/delete-managecookies#ie=ie-10\">http:\/\/windows.microsoft.com\/es-es\/internet-explorer\/delete-managecookies#ie=ie-10<\/a><\/li>\n<li>Microsoft Edge:<span>\u00a0<\/span><a href=\"https:\/\/support.microsoft.com\/es-es\/microsoft-edge\/eliminar-las-cookies-enmicrosoft-edge-63947406-40ac-c3b8-57b9-2a946a29ae09\">https:\/\/support.microsoft.com\/es-es\/microsoft-edge\/eliminar-las-cookies-enmicrosoft-edge-63947406-40ac-c3b8-57b9-2a946a29ae09<\/a><\/li>\n<li>Safari:<span>\u00a0<\/span><a href=\"https:\/\/support.apple.com\/es-es\/guide\/safari\/sfri11471\/mac\">https:\/\/support.apple.com\/es-es\/guide\/safari\/sfri11471\/mac<\/a><\/li>\n<li>Opera:<span>\u00a0<\/span><a href=\"https:\/\/help.opera.com\/en\/latest\/web-preferences\/#cookies\">https:\/\/help.opera.com\/en\/latest\/web-preferences\/#cookies<\/a><\/li>\n<\/ul>\n<p>Para conocer m\u00e1s informaci\u00f3n sobre el tratamiento de datos personales, le recomendamos visitar nuestro apartado \u201cPol\u00edtica de Privacidad\u201d.<\/p>\n<p>[\/et_pb_text][\/et_pb_column][\/et_pb_row][\/et_pb_section]<\/p>\n","protected":false},"excerpt":{"rendered":"<p>Pol\u00edtica de cookiesConforme a lo dispuesto en el art\u00edculo 22.2 de la Ley 34\/2002, de 11 de julio, de Servicios de la Sociedad de la Informaci\u00f3n y de Comercio Electr\u00f3nico (LSSI-CE) vigente, RAFAEL JOSE CASTA\u00d1ER MASDEU debe cumplir con la obligaci\u00f3n de informar sobre las cookies que utiliza y sus finalidades. Este sitio web utiliza [&hellip;]<\/p>\n","protected":false},"author":1,"featured_media":0,"parent":0,"menu_order":0,"comment_status":"closed","ping_status":"closed","template":"","meta":{"_acf_changed":false,"_et_pb_use_builder":"on","_et_pb_old_content":"","_et_gb_content_width":"","inline_featured_image":false,"footnotes":""},"class_list":["post-62311","page","type-page","status-publish","hentry"],"acf":[],"yoast_head":"<!-- This site is optimized with the Yoast SEO plugin v27.0 - https:\/\/yoast.com\/product\/yoast-seo-wordpress\/ -->\n<title>Pol\u00edtica de cookies - Rafa Casta\u00f1er<\/title>\n<meta name=\"robots\" content=\"index, follow, max-snippet:-1, max-image-preview:large, max-video-preview:-1\" \/>\n<link rel=\"canonical\" href=\"https:\/\/www.rafacastaner.com\/ca\/politica-de-cookies\/\" \/>\n<meta property=\"og:locale\" content=\"ca_ES\" \/>\n<meta property=\"og:type\" content=\"article\" \/>\n<meta property=\"og:title\" content=\"Pol\u00edtica de cookies - Rafa Casta\u00f1er\" \/>\n<meta property=\"og:description\" content=\"Pol\u00edtica de cookiesConforme a lo dispuesto en el art\u00edculo 22.2 de la Ley 34\/2002, de 11 de julio, de Servicios de la Sociedad de la Informaci\u00f3n y de Comercio Electr\u00f3nico (LSSI-CE) vigente, RAFAEL JOSE CASTA\u00d1ER MASDEU debe cumplir con la obligaci\u00f3n de informar sobre las cookies que utiliza y sus finalidades. Este sitio web utiliza [&hellip;]\" \/>\n<meta property=\"og:url\" content=\"https:\/\/www.rafacastaner.com\/ca\/politica-de-cookies\/\" \/>\n<meta property=\"og:site_name\" content=\"Rafa Casta\u00f1er\" \/>\n<meta property=\"article:modified_time\" content=\"2026-02-25T15:54:54+00:00\" \/>\n<meta name=\"twitter:card\" content=\"summary_large_image\" \/>\n<script type=\"application\/ld+json\" class=\"yoast-schema-graph\">{\"@context\":\"https:\/\/schema.org\",\"@graph\":[{\"@type\":\"WebPage\",\"@id\":\"https:\/\/www.rafacastaner.com\/ca\/politica-de-cookies\/\",\"url\":\"https:\/\/www.rafacastaner.com\/ca\/politica-de-cookies\/\",\"name\":\"Pol\u00edtica de cookies - Rafa Casta\u00f1er\",\"isPartOf\":{\"@id\":\"https:\/\/www.rafacastaner.com\/ca\/#website\"},\"datePublished\":\"2026-02-04T10:19:20+00:00\",\"dateModified\":\"2026-02-25T15:54:54+00:00\",\"breadcrumb\":{\"@id\":\"https:\/\/www.rafacastaner.com\/ca\/politica-de-cookies\/#breadcrumb\"},\"inLanguage\":\"ca\",\"potentialAction\":[{\"@type\":\"ReadAction\",\"target\":[\"https:\/\/www.rafacastaner.com\/ca\/politica-de-cookies\/\"]}]},{\"@type\":\"BreadcrumbList\",\"@id\":\"https:\/\/www.rafacastaner.com\/ca\/politica-de-cookies\/#breadcrumb\",\"itemListElement\":[{\"@type\":\"ListItem\",\"position\":1,\"name\":\"Portada\",\"item\":\"https:\/\/www.rafacastaner.com\/ca\/\"},{\"@type\":\"ListItem\",\"position\":2,\"name\":\"Pol\u00edtica de cookies\"}]},{\"@type\":\"WebSite\",\"@id\":\"https:\/\/www.rafacastaner.com\/ca\/#website\",\"url\":\"https:\/\/www.rafacastaner.com\/ca\/\",\"name\":\"Rafa Casta\u00f1er\",\"description\":\"\",\"potentialAction\":[{\"@type\":\"SearchAction\",\"target\":{\"@type\":\"EntryPoint\",\"urlTemplate\":\"https:\/\/www.rafacastaner.com\/ca\/?s={search_term_string}\"},\"query-input\":{\"@type\":\"PropertyValueSpecification\",\"valueRequired\":true,\"valueName\":\"search_term_string\"}}],\"inLanguage\":\"ca\"}]}<\/script>\n<!-- \/ Yoast SEO plugin. -->","yoast_head_json":{"title":"Pol\u00edtica de cookies - Rafa Casta\u00f1er","robots":{"index":"index","follow":"follow","max-snippet":"max-snippet:-1","max-image-preview":"max-image-preview:large","max-video-preview":"max-video-preview:-1"},"canonical":"https:\/\/www.rafacastaner.com\/ca\/politica-de-cookies\/","og_locale":"ca_ES","og_type":"article","og_title":"Pol\u00edtica de cookies - Rafa Casta\u00f1er","og_description":"Pol\u00edtica de cookiesConforme a lo dispuesto en el art\u00edculo 22.2 de la Ley 34\/2002, de 11 de julio, de Servicios de la Sociedad de la Informaci\u00f3n y de Comercio Electr\u00f3nico (LSSI-CE) vigente, RAFAEL JOSE CASTA\u00d1ER MASDEU debe cumplir con la obligaci\u00f3n de informar sobre las cookies que utiliza y sus finalidades. Este sitio web utiliza [&hellip;]","og_url":"https:\/\/www.rafacastaner.com\/ca\/politica-de-cookies\/","og_site_name":"Rafa Casta\u00f1er","article_modified_time":"2026-02-25T15:54:54+00:00","twitter_card":"summary_large_image","schema":{"@context":"https:\/\/schema.org","@graph":[{"@type":"WebPage","@id":"https:\/\/www.rafacastaner.com\/ca\/politica-de-cookies\/","url":"https:\/\/www.rafacastaner.com\/ca\/politica-de-cookies\/","name":"Pol\u00edtica de cookies - Rafa Casta\u00f1er","isPartOf":{"@id":"https:\/\/www.rafacastaner.com\/ca\/#website"},"datePublished":"2026-02-04T10:19:20+00:00","dateModified":"2026-02-25T15:54:54+00:00","breadcrumb":{"@id":"https:\/\/www.rafacastaner.com\/ca\/politica-de-cookies\/#breadcrumb"},"inLanguage":"ca","potentialAction":[{"@type":"ReadAction","target":["https:\/\/www.rafacastaner.com\/ca\/politica-de-cookies\/"]}]},{"@type":"BreadcrumbList","@id":"https:\/\/www.rafacastaner.com\/ca\/politica-de-cookies\/#breadcrumb","itemListElement":[{"@type":"ListItem","position":1,"name":"Portada","item":"https:\/\/www.rafacastaner.com\/ca\/"},{"@type":"ListItem","position":2,"name":"Pol\u00edtica de cookies"}]},{"@type":"WebSite","@id":"https:\/\/www.rafacastaner.com\/ca\/#website","url":"https:\/\/www.rafacastaner.com\/ca\/","name":"Rafa Casta\u00f1er","description":"","potentialAction":[{"@type":"SearchAction","target":{"@type":"EntryPoint","urlTemplate":"https:\/\/www.rafacastaner.com\/ca\/?s={search_term_string}"},"query-input":{"@type":"PropertyValueSpecification","valueRequired":true,"valueName":"search_term_string"}}],"inLanguage":"ca"}]}},"_links":{"self":[{"href":"https:\/\/www.rafacastaner.com\/ca\/wp-json\/wp\/v2\/pages\/62311","targetHints":{"allow":["GET"]}}],"collection":[{"href":"https:\/\/www.rafacastaner.com\/ca\/wp-json\/wp\/v2\/pages"}],"about":[{"href":"https:\/\/www.rafacastaner.com\/ca\/wp-json\/wp\/v2\/types\/page"}],"author":[{"embeddable":true,"href":"https:\/\/www.rafacastaner.com\/ca\/wp-json\/wp\/v2\/users\/1"}],"replies":[{"embeddable":true,"href":"https:\/\/www.rafacastaner.com\/ca\/wp-json\/wp\/v2\/comments?post=62311"}],"version-history":[{"count":4,"href":"https:\/\/www.rafacastaner.com\/ca\/wp-json\/wp\/v2\/pages\/62311\/revisions"}],"predecessor-version":[{"id":64900,"href":"https:\/\/www.rafacastaner.com\/ca\/wp-json\/wp\/v2\/pages\/62311\/revisions\/64900"}],"wp:attachment":[{"href":"https:\/\/www.rafacastaner.com\/ca\/wp-json\/wp\/v2\/media?parent=62311"}],"curies":[{"name":"wp","href":"https:\/\/api.w.org\/{rel}","templated":true}]}}