{"id":62309,"date":"2026-02-04T11:19:06","date_gmt":"2026-02-04T10:19:06","guid":{"rendered":"https:\/\/rafacastaner.com\/?page_id=62309"},"modified":"2026-02-25T16:25:02","modified_gmt":"2026-02-25T15:25:02","slug":"aviso-legal","status":"publish","type":"page","link":"https:\/\/www.rafacastaner.com\/ca\/aviso-legal\/","title":{"rendered":"Aviso legal"},"content":{"rendered":"<p>[et_pb_section fb_built=&#8221;1&#8243; admin_label=&#8221;section&#8221; _builder_version=&#8221;4.27.4&#8243; width=&#8221;100%&#8221; max_width=&#8221;100%&#8221; custom_padding=&#8221;0px||0px||true|false&#8221; global_colors_info=&#8221;{}&#8221; theme_builder_area=&#8221;post_content&#8221;][et_pb_row admin_label=&#8221;row&#8221; _builder_version=&#8221;4.27.4&#8243; background_size=&#8221;initial&#8221; background_position=&#8221;top_left&#8221; background_repeat=&#8221;repeat&#8221; width=&#8221;100%&#8221; max_width=&#8221;100%&#8221; custom_padding=&#8221;0px||||false|false&#8221; custom_css_main_element=&#8221;display:flex;||align-items:center;&#8221; global_colors_info=&#8221;{}&#8221; custom_css_main_element_last_edited=&#8221;on|tablet&#8221; custom_css_main_element_tablet=&#8221;flex-flow:column;&#8221; custom_css_main_element_phone=&#8221;flex-flow:column;&#8221; theme_builder_area=&#8221;post_content&#8221;][et_pb_column type=&#8221;4_4&#8243; _builder_version=&#8221;4.16&#8243; custom_padding=&#8221;|||&#8221; global_colors_info=&#8221;{}&#8221; custom_padding__hover=&#8221;|||&#8221; theme_builder_area=&#8221;post_content&#8221;][et_pb_text _builder_version=&#8221;4.27.4&#8243; _module_preset=&#8221;default&#8221; text_font=&#8221;||||||||&#8221; header_font=&#8221;|700|||||||&#8221; header_font_size=&#8221;40px&#8221; header_2_font=&#8221;|700|||||||&#8221; header_2_font_size=&#8221;40px&#8221; custom_margin=&#8221;||1em||false|false&#8221; header_font_size_tablet=&#8221;35px&#8221; header_font_size_phone=&#8221;30px&#8221; header_font_size_last_edited=&#8221;on|phone&#8221; header_2_font_size_tablet=&#8221;35px&#8221; header_2_font_size_phone=&#8221;30px&#8221; header_2_font_size_last_edited=&#8221;on|phone&#8221; locked=&#8221;off&#8221; global_colors_info=&#8221;{}&#8221; theme_builder_area=&#8221;post_content&#8221;]<\/p>\n<h1>Aviso legal<\/h1>\n<p>[\/et_pb_text][et_pb_text _builder_version=&#8221;4.27.4&#8243; _module_preset=&#8221;default&#8221; header_2_line_height=&#8221;1.2em&#8221; hover_enabled=&#8221;0&#8243; global_colors_info=&#8221;{}&#8221; theme_builder_area=&#8221;post_content&#8221; sticky_enabled=&#8221;0&#8243;]<\/p>\n<h2 class=\"p1\">Introducci\u00f3n<\/h2>\n<p class=\"p1\">En cumplimiento de la Ley 34\/2002, de 11 de julio, de Servicios de la Sociedad de la Informaci\u00f3n y de Comercio Electr\u00f3nico (LSSI-CE), <span class=\"s1\"><b>RAFAEL JOSE CASTA\u00d1ER MASDEU<\/b><\/span> informa que es titular del sitio web. De acuerdo con la exigencia del art\u00edculo 10 de la citada Ley, <span class=\"s1\"><b>RAFAEL JOSE CASTA\u00d1ER MASDEU<\/b><\/span> informa de los siguientes datos:<\/p>\n<p class=\"p1\">REPRESENTANTE LEGAL: RAFAEL JOSE CASTA\u00d1ER MASDEU<\/p>\n<p class=\"p1\">NIF\/CIF: ES38122166B<\/p>\n<p class=\"p1\">DOMINIO: www.rafacastaner.com<\/p>\n<p class=\"p1\">DIRECCI\u00d3N POSTAL: Cardener, n\u00ba 29, 08024 Barcelona (Barcelona)<\/p>\n<p class=\"p1\">DIRECCI\u00d3N DE CORREO ELECTR\u00d3NICO: info@rafacastaner.com<\/p>\n<p class=\"p1\">TEL\u00c9FONO: +34680428833<\/p>\n<p class=\"p1\">La navegaci\u00f3n, acceso y uso por el sitio web de <span class=\"s1\"><b>RAFAEL JOSE CASTA\u00d1ER MASDEU<\/b><\/span> confiere la condici\u00f3n de usuario.<\/p>\n<p class=\"p1\">El sitio web de <span class=\"s1\"><b>RAFAEL JOSE CASTA\u00d1ER MASDEU<\/b><\/span> proporciona gran diversidad de informaci\u00f3n, servicios y datos. El usuario asume su responsabilidad en el uso correcto del sitio web. Esta responsabilidad se extender\u00e1 a:<\/p>\n<p class=\"p1\">La veracidad y licitud de las informaciones aportadas por el usuario en los formularios extendidos por <span class=\"s1\"><b>RAFAEL JOSE CASTA\u00d1ER MASDEU<\/b><\/span> para el acceso a ciertos contenidos o servicios ofrecidos por el web.<\/p>\n<p class=\"p1\">El uso de la informaci\u00f3n, servicios y datos ofrecidos por <span class=\"s1\"><b>RAFAEL JOSE CASTA\u00d1ER MASDEU<\/b><\/span> contrariamente a lo dispuesto por las presentes condiciones, la Ley, la moral, las buenas costumbres o el orden p\u00fablico, o que de cualquier otro modo puedan suponer lesi\u00f3n de los derechos de terceros o del mismo funcionamiento del sitio web.<\/p>\n<h2 class=\"p1\">Pol\u00edtica de enlaces y exenciones de responsabilidad<\/h2>\n<p class=\"p1\"><span class=\"s1\"><b>RAFAEL JOSE CASTA\u00d1ER MASDEU<\/b><\/span> no se hace responsable del contenido de los sitios web a los que el usuario pueda acceder a trav\u00e9s de los enlaces establecidos en su sitio web, siempre que no tenga conocimiento efectivo de que la actividad o la informaci\u00f3n a la que remite o recomienda es il\u00edcita o de que lesiona bienes o derechos de un tercero susceptibles de indemnizaci\u00f3n, o, en caso de tenerlo, act\u00fae con diligencia para suprimir o inutilizar el enlace correspondiente.<\/p>\n<p class=\"p1\">Se entender\u00e1 que <span class=\"s1\"><b>RAFAEL JOSE CASTA\u00d1ER MASDEU<\/b><\/span> tiene el conocimiento efectivo a que se refiere el p\u00e1rrafo anterior cuando un \u00f3rgano competente haya declarado la ilicitud de los datos, ordenado su retirada o que se imposibilite el acceso a los mismos, o se hubiera declarado la existencia de la lesi\u00f3n, y <span class=\"s1\"><b>RAFAEL JOSE CASTA\u00d1ER MASDEU<\/b><\/span> conociera la correspondiente resoluci\u00f3n, sin perjuicio de los procedimientos de detecci\u00f3n y retirada de contenidos que pudiera aplicar en virtud de acuerdos voluntarios y de otros medios de conocimiento efectivo que pudieran establecerse.<\/p>\n<p class=\"p1\"><span class=\"s1\"><b>RAFAEL JOSE CASTA\u00d1ER MASDEU<\/b><\/span> declara haber adoptado todas las medidas necesarias para evitar cualquier da\u00f1o a los usuarios de su sitio web, que pudieran derivarse de la navegaci\u00f3n por su sitio web. En consecuencia, <span class=\"s1\"><b>RAFAEL JOSE CASTA\u00d1ER MASDEU<\/b><\/span> no se hace responsable, en ning\u00fan caso, de los eventuales da\u00f1os que por la navegaci\u00f3n por Internet pudiera sufrir el usuario. Asimismo, tampoco garantizar\u00e1 la disponibilidad t\u00e9cnica, exactitud, veracidad, validez o legalidad de sitios ajenos a su propiedad a los que se pueda acceder por medio de los enlaces.<\/p>\n<h2 class=\"p1\">Modificaciones<\/h2>\n<p class=\"p1\"><span class=\"s1\"><b>RAFAEL JOSE CASTA\u00d1ER MASDEU<\/b><\/span> se reserva el derecho a realizar las modificaciones que considere oportunas, sin aviso previo, en el contenido de su sitio web. Tanto en lo referente a los contenidos del sitio web, como en las condiciones de uso del mismo, o en las condiciones generales de contrataci\u00f3n. Los cambios a los que hace referencia este apartado no afectar\u00e1n a las contrataciones realizadas con fecha anterior a la fecha de publicaci\u00f3n de los mismos.<\/p>\n<p class=\"p1\">Dichas modificaciones podr\u00e1n realizarse a trav\u00e9s de su sitio web por cualquier forma admisible en derecho y ser\u00e1n de obligado cumplimiento durante el tiempo en que se encuentren publicadas en el web y hasta que no sean modificadas v\u00e1lidamente por otras posteriores.<\/p>\n<p class=\"p1\">Indicaci\u00f3n de precios<\/p>\n<p class=\"p1\">En caso de que se muestren precios de productos y\/o servicios, los indicados en pantalla ser\u00e1n los vigentes en cada momento. Los precios ser\u00e1n indicados en euros y tendr\u00e1n incorporado el Impuesto sobre el Valor A\u00f1adido (IVA). En caso de que no se incorpore el IVA en el precio, se indicar\u00e1 de manera expresa y se permitir\u00e1 al usuario visualizar el precio final completo.<\/p>\n<p class=\"p1\">Asimismo, si fuera aplicable cualquier otro impuesto, as\u00ed se indicar\u00eda, incluyendo, en su caso, el importe de los incrementos o descuentos que sean de aplicaci\u00f3n a la oferta y los gastos adicionales que puedan repercutir al consumidor o usuario.<\/p>\n<h2 class=\"p1\">Propiedad intelectual e industrial<\/h2>\n<p class=\"p1\"><span class=\"s1\"><b>RAFAEL JOSE CASTA\u00d1ER MASDEU<\/b><\/span> por s\u00ed mismo o como cesionario, es titular de todos los derechos de propiedad intelectual e industrial de su p\u00e1gina web, as\u00ed como de los elementos contenidos en la misma (a t\u00edtulo enunciativo, im\u00e1genes, sonido, audio, v\u00eddeo, software o textos; marcas o logotipos, combinaciones de colores, estructura y dise\u00f1o, selecci\u00f3n de materiales usados, programas de ordenador necesarios para su funcionamiento, acceso y uso, etc.). Ser\u00e1n, por consiguiente, obras protegidas como propiedad intelectual por el ordenamiento jur\u00eddico espa\u00f1ol, si\u00e9ndoles aplicables tanto la normativa espa\u00f1ola y comunitaria en este campo, como los tratados internacionales relativos a la materia y suscritos por Espa\u00f1a.<\/p>\n<p class=\"p1\">Todos los derechos reservados. En virtud de lo dispuesto en la Ley de Propiedad Intelectual, quedan expresamente prohibidas la reproducci\u00f3n, la distribuci\u00f3n y la comunicaci\u00f3n p\u00fablica, incluida su modalidad de puesta a disposici\u00f3n, de la totalidad o parte de los contenidos de esta p\u00e1gina web, con fines comerciales, en cualquier soporte y por cualquier medio t\u00e9cnico, sin la autorizaci\u00f3n de <span class=\"s1\"><b>RAFAEL JOSE CASTA\u00d1ER MASDEU<\/b><\/span>.<\/p>\n<p class=\"p1\">El usuario se compromete a respetar los derechos de Propiedad Intelectual e Industrial titularidad de <span class=\"s1\"><b>RAFAEL JOSE CASTA\u00d1ER MASDEU<\/b><\/span>. Podr\u00e1 visualizar los elementos del portal e incluso imprimirlos, copiarlos y almacenarlos en el disco duro de su ordenador o en cualquier otro soporte f\u00edsico siempre y cuando sea, \u00fanica y exclusivamente, para su uso personal y privado. El usuario deber\u00e1 abstenerse de suprimir, alterar, eludir o manipular cualquier dispositivo de protecci\u00f3n o sistema de seguridad que estuviera instalado en las p\u00e1ginas de <span class=\"s1\"><b>RAFAEL JOSE CASTA\u00d1ER MASDEU<\/b><\/span>.<\/p>\n<h2 class=\"p1\">Acciones legales, legislaci\u00f3n aplicable y jurisdicci\u00f3n<\/h2>\n<p class=\"p1\">Si el usuario desea presentar una reclamaci\u00f3n, deber\u00e1 contactar mediante el correo electr\u00f3nico [INDICAR EMAIL DE CONTACTO]. Asimismo, <span class=\"s1\"><b>RAFAEL JOSE CASTA\u00d1ER MASDEU<\/b><\/span> dispone de hojas oficiales de reclamaci\u00f3n a disposici\u00f3n de los consumidores y usuarios.<\/p>\n<p class=\"p1\"><span class=\"s1\"><b>RAFAEL JOSE CASTA\u00d1ER MASDEU<\/b><\/span> se reserva la facultad de presentar las acciones civiles o penales que considere oportunas por la utilizaci\u00f3n indebida de su sitio web y contenidos, o por el incumplimiento de las presentes condiciones.<\/p>\n<p class=\"p1\">La relaci\u00f3n entre el usuario y el prestador se regir\u00e1 por la normativa vigente y de aplicaci\u00f3n en el territorio espa\u00f1ol. De surgir cualquier controversia las partes podr\u00e1n someter sus conflictos a arbitraje o acudir a la jurisdicci\u00f3n ordinaria cumpliendo con las normas sobre jurisdicci\u00f3n y competencia al respecto. <span class=\"s1\"><b>RAFAEL JOSE CASTA\u00d1ER MASDEU<\/b><\/span> tiene su domicilio en Barcelona, Espa\u00f1a.<\/p>\n<p class=\"p1\">Los contratos celebrados por v\u00eda electr\u00f3nica en los que intervenga como parte un consumidor, se presumir\u00e1n celebrados en el lugar en que \u00e9ste tenga su residencia habitual.<\/p>\n<p class=\"p1\">Los contratos electr\u00f3nicos entre empresarios o profesionales, en defecto de pacto entre las partes, se presumir\u00e1n celebrados en el lugar en que est\u00e9 establecido el prestador de servicios. Resoluci\u00f3n de litigios en l\u00ednea conforme al Art. 14.1 del Reglamento (UE) 524\/2013: La Comisi\u00f3n Europea facilita una plataforma de resoluci\u00f3n de litigios en l\u00ednea, disponible en el siguiente enlace: https:\/\/ec.europa.eu\/consumers\/odr\/<\/p>\n<p class=\"p1\">\u00daltima actualizaci\u00f3n: 25 de febrero de 2026<\/p>\n<p>[\/et_pb_text][\/et_pb_column][\/et_pb_row][\/et_pb_section]<\/p>\n","protected":false},"excerpt":{"rendered":"<p>Aviso legalIntroducci\u00f3n En cumplimiento de la Ley 34\/2002, de 11 de julio, de Servicios de la Sociedad de la Informaci\u00f3n y de Comercio Electr\u00f3nico (LSSI-CE), RAFAEL JOSE CASTA\u00d1ER MASDEU informa que es titular del sitio web. De acuerdo con la exigencia del art\u00edculo 10 de la citada Ley, RAFAEL JOSE CASTA\u00d1ER MASDEU informa de los [&hellip;]<\/p>\n","protected":false},"author":1,"featured_media":0,"parent":0,"menu_order":0,"comment_status":"closed","ping_status":"closed","template":"","meta":{"_acf_changed":false,"_et_pb_use_builder":"on","_et_pb_old_content":"","_et_gb_content_width":"","inline_featured_image":false,"footnotes":""},"class_list":["post-62309","page","type-page","status-publish","hentry"],"acf":[],"yoast_head":"<!-- This site is optimized with the Yoast SEO plugin v27.0 - https:\/\/yoast.com\/product\/yoast-seo-wordpress\/ -->\n<title>Aviso legal - Rafa Casta\u00f1er<\/title>\n<meta name=\"robots\" content=\"index, follow, max-snippet:-1, max-image-preview:large, max-video-preview:-1\" \/>\n<link rel=\"canonical\" href=\"https:\/\/www.rafacastaner.com\/ca\/aviso-legal\/\" \/>\n<meta property=\"og:locale\" content=\"ca_ES\" \/>\n<meta property=\"og:type\" content=\"article\" \/>\n<meta property=\"og:title\" content=\"Aviso legal - Rafa Casta\u00f1er\" \/>\n<meta property=\"og:description\" content=\"Aviso legalIntroducci\u00f3n En cumplimiento de la Ley 34\/2002, de 11 de julio, de Servicios de la Sociedad de la Informaci\u00f3n y de Comercio Electr\u00f3nico (LSSI-CE), RAFAEL JOSE CASTA\u00d1ER MASDEU informa que es titular del sitio web. De acuerdo con la exigencia del art\u00edculo 10 de la citada Ley, RAFAEL JOSE CASTA\u00d1ER MASDEU informa de los [&hellip;]\" \/>\n<meta property=\"og:url\" content=\"https:\/\/www.rafacastaner.com\/ca\/aviso-legal\/\" \/>\n<meta property=\"og:site_name\" content=\"Rafa Casta\u00f1er\" \/>\n<meta property=\"article:modified_time\" content=\"2026-02-25T15:25:02+00:00\" \/>\n<meta name=\"twitter:card\" content=\"summary_large_image\" \/>\n<script type=\"application\/ld+json\" class=\"yoast-schema-graph\">{\"@context\":\"https:\/\/schema.org\",\"@graph\":[{\"@type\":\"WebPage\",\"@id\":\"https:\/\/www.rafacastaner.com\/ca\/aviso-legal\/\",\"url\":\"https:\/\/www.rafacastaner.com\/ca\/aviso-legal\/\",\"name\":\"Aviso legal - Rafa Casta\u00f1er\",\"isPartOf\":{\"@id\":\"https:\/\/www.rafacastaner.com\/ca\/#website\"},\"datePublished\":\"2026-02-04T10:19:06+00:00\",\"dateModified\":\"2026-02-25T15:25:02+00:00\",\"breadcrumb\":{\"@id\":\"https:\/\/www.rafacastaner.com\/ca\/aviso-legal\/#breadcrumb\"},\"inLanguage\":\"ca\",\"potentialAction\":[{\"@type\":\"ReadAction\",\"target\":[\"https:\/\/www.rafacastaner.com\/ca\/aviso-legal\/\"]}]},{\"@type\":\"BreadcrumbList\",\"@id\":\"https:\/\/www.rafacastaner.com\/ca\/aviso-legal\/#breadcrumb\",\"itemListElement\":[{\"@type\":\"ListItem\",\"position\":1,\"name\":\"Portada\",\"item\":\"https:\/\/www.rafacastaner.com\/ca\/\"},{\"@type\":\"ListItem\",\"position\":2,\"name\":\"Aviso legal\"}]},{\"@type\":\"WebSite\",\"@id\":\"https:\/\/www.rafacastaner.com\/ca\/#website\",\"url\":\"https:\/\/www.rafacastaner.com\/ca\/\",\"name\":\"Rafa Casta\u00f1er\",\"description\":\"\",\"potentialAction\":[{\"@type\":\"SearchAction\",\"target\":{\"@type\":\"EntryPoint\",\"urlTemplate\":\"https:\/\/www.rafacastaner.com\/ca\/?s={search_term_string}\"},\"query-input\":{\"@type\":\"PropertyValueSpecification\",\"valueRequired\":true,\"valueName\":\"search_term_string\"}}],\"inLanguage\":\"ca\"}]}<\/script>\n<!-- \/ Yoast SEO plugin. -->","yoast_head_json":{"title":"Aviso legal - Rafa Casta\u00f1er","robots":{"index":"index","follow":"follow","max-snippet":"max-snippet:-1","max-image-preview":"max-image-preview:large","max-video-preview":"max-video-preview:-1"},"canonical":"https:\/\/www.rafacastaner.com\/ca\/aviso-legal\/","og_locale":"ca_ES","og_type":"article","og_title":"Aviso legal - Rafa Casta\u00f1er","og_description":"Aviso legalIntroducci\u00f3n En cumplimiento de la Ley 34\/2002, de 11 de julio, de Servicios de la Sociedad de la Informaci\u00f3n y de Comercio Electr\u00f3nico (LSSI-CE), RAFAEL JOSE CASTA\u00d1ER MASDEU informa que es titular del sitio web. De acuerdo con la exigencia del art\u00edculo 10 de la citada Ley, RAFAEL JOSE CASTA\u00d1ER MASDEU informa de los [&hellip;]","og_url":"https:\/\/www.rafacastaner.com\/ca\/aviso-legal\/","og_site_name":"Rafa Casta\u00f1er","article_modified_time":"2026-02-25T15:25:02+00:00","twitter_card":"summary_large_image","schema":{"@context":"https:\/\/schema.org","@graph":[{"@type":"WebPage","@id":"https:\/\/www.rafacastaner.com\/ca\/aviso-legal\/","url":"https:\/\/www.rafacastaner.com\/ca\/aviso-legal\/","name":"Aviso legal - Rafa Casta\u00f1er","isPartOf":{"@id":"https:\/\/www.rafacastaner.com\/ca\/#website"},"datePublished":"2026-02-04T10:19:06+00:00","dateModified":"2026-02-25T15:25:02+00:00","breadcrumb":{"@id":"https:\/\/www.rafacastaner.com\/ca\/aviso-legal\/#breadcrumb"},"inLanguage":"ca","potentialAction":[{"@type":"ReadAction","target":["https:\/\/www.rafacastaner.com\/ca\/aviso-legal\/"]}]},{"@type":"BreadcrumbList","@id":"https:\/\/www.rafacastaner.com\/ca\/aviso-legal\/#breadcrumb","itemListElement":[{"@type":"ListItem","position":1,"name":"Portada","item":"https:\/\/www.rafacastaner.com\/ca\/"},{"@type":"ListItem","position":2,"name":"Aviso legal"}]},{"@type":"WebSite","@id":"https:\/\/www.rafacastaner.com\/ca\/#website","url":"https:\/\/www.rafacastaner.com\/ca\/","name":"Rafa Casta\u00f1er","description":"","potentialAction":[{"@type":"SearchAction","target":{"@type":"EntryPoint","urlTemplate":"https:\/\/www.rafacastaner.com\/ca\/?s={search_term_string}"},"query-input":{"@type":"PropertyValueSpecification","valueRequired":true,"valueName":"search_term_string"}}],"inLanguage":"ca"}]}},"_links":{"self":[{"href":"https:\/\/www.rafacastaner.com\/ca\/wp-json\/wp\/v2\/pages\/62309","targetHints":{"allow":["GET"]}}],"collection":[{"href":"https:\/\/www.rafacastaner.com\/ca\/wp-json\/wp\/v2\/pages"}],"about":[{"href":"https:\/\/www.rafacastaner.com\/ca\/wp-json\/wp\/v2\/types\/page"}],"author":[{"embeddable":true,"href":"https:\/\/www.rafacastaner.com\/ca\/wp-json\/wp\/v2\/users\/1"}],"replies":[{"embeddable":true,"href":"https:\/\/www.rafacastaner.com\/ca\/wp-json\/wp\/v2\/comments?post=62309"}],"version-history":[{"count":6,"href":"https:\/\/www.rafacastaner.com\/ca\/wp-json\/wp\/v2\/pages\/62309\/revisions"}],"predecessor-version":[{"id":64892,"href":"https:\/\/www.rafacastaner.com\/ca\/wp-json\/wp\/v2\/pages\/62309\/revisions\/64892"}],"wp:attachment":[{"href":"https:\/\/www.rafacastaner.com\/ca\/wp-json\/wp\/v2\/media?parent=62309"}],"curies":[{"name":"wp","href":"https:\/\/api.w.org\/{rel}","templated":true}]}}