{"id":62307,"date":"2026-02-04T11:18:55","date_gmt":"2026-02-04T10:18:55","guid":{"rendered":"https:\/\/rafacastaner.com\/?page_id=62307"},"modified":"2026-02-25T16:38:37","modified_gmt":"2026-02-25T15:38:37","slug":"politica-de-privacidad","status":"publish","type":"page","link":"https:\/\/www.rafacastaner.com\/ca\/politica-de-privacidad\/","title":{"rendered":"Pol\u00edtica de privacidad"},"content":{"rendered":"<p>[et_pb_section fb_built=&#8221;1&#8243; admin_label=&#8221;section&#8221; _builder_version=&#8221;4.27.4&#8243; width=&#8221;100%&#8221; max_width=&#8221;100%&#8221; custom_padding=&#8221;0px||0px||true|false&#8221; global_colors_info=&#8221;{}&#8221; theme_builder_area=&#8221;post_content&#8221;][et_pb_row admin_label=&#8221;row&#8221; _builder_version=&#8221;4.27.4&#8243; background_size=&#8221;initial&#8221; background_position=&#8221;top_left&#8221; background_repeat=&#8221;repeat&#8221; width=&#8221;100%&#8221; max_width=&#8221;100%&#8221; custom_padding=&#8221;0px||||false|false&#8221; custom_css_main_element=&#8221;display:flex;||align-items:center;&#8221; global_colors_info=&#8221;{}&#8221; custom_css_main_element_last_edited=&#8221;on|tablet&#8221; custom_css_main_element_tablet=&#8221;flex-flow:column;&#8221; custom_css_main_element_phone=&#8221;flex-flow:column;&#8221; theme_builder_area=&#8221;post_content&#8221;][et_pb_column type=&#8221;4_4&#8243; _builder_version=&#8221;4.16&#8243; custom_padding=&#8221;|||&#8221; global_colors_info=&#8221;{}&#8221; custom_padding__hover=&#8221;|||&#8221; theme_builder_area=&#8221;post_content&#8221;][et_pb_text _builder_version=&#8221;4.27.4&#8243; _module_preset=&#8221;default&#8221; text_font=&#8221;||||||||&#8221; header_font=&#8221;|700|||||||&#8221; header_font_size=&#8221;40px&#8221; header_2_font=&#8221;|700|||||||&#8221; header_2_font_size=&#8221;40px&#8221; custom_margin=&#8221;||1em||false|false&#8221; header_font_size_tablet=&#8221;35px&#8221; header_font_size_phone=&#8221;30px&#8221; header_font_size_last_edited=&#8221;on|phone&#8221; header_2_font_size_tablet=&#8221;35px&#8221; header_2_font_size_phone=&#8221;30px&#8221; header_2_font_size_last_edited=&#8221;on|phone&#8221; locked=&#8221;off&#8221; global_colors_info=&#8221;{}&#8221; theme_builder_area=&#8221;post_content&#8221;]<\/p>\n<h1>Pol\u00edtica de privacidad<\/h1>\n<p>[\/et_pb_text][et_pb_text _builder_version=&#8221;4.27.4&#8243; _module_preset=&#8221;default&#8221; header_2_line_height=&#8221;1.2em&#8221; hover_enabled=&#8221;0&#8243; custom_css_free_form=&#8221;selector td,||selector tr{||  padding:0.5em;||}&#8221; global_colors_info=&#8221;{}&#8221; theme_builder_area=&#8221;post_content&#8221; sticky_enabled=&#8221;0&#8243;]<\/p>\n<h2>Datos del propietario de la web<\/h2>\n<p class=\"p1\">REPRESENTANTE LEGAL: RAFAEL JOSE CASTA\u00d1ER MASDEU<br \/>NIF\/CIF: ES38122166B<br \/>DOMINIO: <a href=\"https:\/\/www.rafacastaner.com\">www.rafacastaner.com<\/a><br \/>DIRECCI\u00d3N POSTAL: Cardener, n\u00ba 29, 08024 Barcelona (Barcelona)<br \/>DIRECCI\u00d3N DE CORREO ELECTR\u00d3NICO: <a href=\"mailto:info@rafacastaner.com\">info@rafacastaner.com<\/a><br \/>TEL\u00c9FONO: +34680428833<\/p>\n<h2>Protecci\u00f3n de datos<\/h2>\n<p>De conformidad con la normativa vigente y aplicable en protecci\u00f3n de datos de car\u00e1cter personal, le informamos que sus datos ser\u00e1n incorporados al sistema de tratamiento titularidad de RAFAEL JOSE CASTA\u00d1ER MASDEU con CIF <span>ES38122166B<\/span> y domicilio social sito en Cardener, n\u00ba 29, 08024 Barcelona, BARCELONA. A continuaci\u00f3n, le indicamos los aspectos m\u00e1s destacables de los tratamientos realizados:<\/p>\n<table border=\"1\">\n<tbody>\n<tr>\n<td>Registro de los usuarios<\/td>\n<td><strong>Finalidad<\/strong>: Captaci\u00f3n, registro y tratamiento de datos para poder registrarse como usuario.<br \/><strong>Plazo de conservaci\u00f3n<\/strong>: mientras se mantenga el consentimiento prestado, salvo obligaci\u00f3n legal.<br \/><strong>Base leg\u00edtima<\/strong>: El consentimiento del interesado.<br \/><strong>Tipolog\u00eda de Datos:<\/strong><span>\u00a0<\/span><strong>Datos b\u00e1sicos<\/strong>: Nombre y apellidos, Tel\u00e9fono, NIF, Direcci\u00f3n postal, Direcci\u00f3n electr\u00f3nica<\/td>\n<\/tr>\n<tr>\n<td>Gesti\u00f3n de la contrataci\u00f3n de servicios online<\/td>\n<td><strong>Finalidad<\/strong>: Captaci\u00f3n, registro y tratamiento de datos de los usuarios web para la correcta prestaci\u00f3n del servicio.<br \/><strong>Plazo de conservaci\u00f3n<\/strong>: conservaci\u00f3n de las copias de los documentos hasta que prescriban las acciones para reclamarle una posible responsabilidad.<br \/><strong>Base leg\u00edtima<\/strong>: La ejecuci\u00f3n del contrato.<br \/><strong>Tipolog\u00eda de Datos:<\/strong><span>\u00a0<\/span><strong>Datos b\u00e1sicos<\/strong>: Nombre y apellidos, NIF, Direcci\u00f3n electr\u00f3nica, Datos econ\u00f3micos o de seguros<br \/><strong>Cesiones<\/strong>: sus datos ser\u00e1n comunicados en caso de ser necesario a Organismos y\/o administraci\u00f3n p\u00fablica con competencia en la materia con la finalidad de cumplir con las obligaciones establecidas en la normativa aplicable. La base legitimadora de la cesi\u00f3n es el cumplimiento de una ley.<\/td>\n<\/tr>\n<tr>\n<td>Acciones comerciales formulario web<\/td>\n<td><strong>Finalidad<\/strong>: Captaci\u00f3n, registro y tratamiento de datos con finalidades de atender sus consultas y\/o solicitudes, as\u00ed como de publicidad y prospecci\u00f3n comercial.<br \/><strong>Plazo de conservaci\u00f3n<\/strong>: mientras se mantenga el consentimiento prestado, salvo obligaci\u00f3n legal.<br \/><strong>Base leg\u00edtima<\/strong>: El consentimiento del interesado.<br \/><strong>Tipolog\u00eda de Datos:<\/strong><span>\u00a0<\/span><strong>Datos b\u00e1sicos<\/strong>: Nombre y apellidos, Direcci\u00f3n electr\u00f3nica<\/td>\n<\/tr>\n<tr>\n<td>Gesti\u00f3n usuarios web<\/td>\n<td><strong>Finalidad<\/strong>: Captaci\u00f3n, registro y tratamiento de datos del usuario.<br \/><strong>Plazo de conservaci\u00f3n<\/strong>: mientras se mantenga el consentimiento prestado, salvo obligaci\u00f3n legal.<br \/><strong>Base leg\u00edtima<\/strong>: El consentimiento del interesado.<br \/><strong>Tipolog\u00eda de Datos:<\/strong><span>\u00a0<\/span><strong>Datos b\u00e1sicos<\/strong>: Nombre y apellidos, Direcci\u00f3n electr\u00f3nica<\/td>\n<\/tr>\n<tr>\n<td>Instalaci\u00f3n de cookies<\/td>\n<td><strong>Finalidad<\/strong>: Gesti\u00f3n e instalaci\u00f3n de las cookies.<br \/><strong>Plazo de conservaci\u00f3n<\/strong>: mientras se mantenga el consentimiento prestado.<br \/><strong>Base leg\u00edtima<\/strong>: El consentimiento del interesado.<br \/><strong>Tipolog\u00eda de Datos:<\/strong><span>\u00a0<\/span><strong>Datos b\u00e1sicos<\/strong>: Direcci\u00f3n electr\u00f3nica, Direcci\u00f3n IP<\/td>\n<\/tr>\n<tr>\n<td>Newsletter<\/td>\n<td><strong>Finalidad<\/strong>: Gesti\u00f3n de la suscripci\u00f3n a la newsletter, para realizar los env\u00edos correspondientes.<br \/><strong>Plazo de conservaci\u00f3n<\/strong>: mientras se mantenga el consentimiento prestado.<br \/><strong>Base leg\u00edtima<\/strong>: El consentimiento del interesado.<br \/><strong>Tipolog\u00eda de Datos:<\/strong><span>\u00a0<\/span><strong>Datos b\u00e1sicos<\/strong>: Nombre y apellidos, Direcci\u00f3n electr\u00f3nica<\/td>\n<\/tr>\n<tr>\n<td>Gesti\u00f3n Formulario web<\/td>\n<td><strong>Finalidad<\/strong>: Atender sus consultas y\/o solicitudes.<br \/><strong>Plazo de conservaci\u00f3n<\/strong>: mientras se mantenga el consentimiento prestado.<br \/><strong>Base leg\u00edtima<\/strong>: El consentimiento del interesado.<br \/><strong>Tipolog\u00eda de Datos:<\/strong><span>\u00a0<\/span><strong>Datos b\u00e1sicos<\/strong>: Nombre y apellidos, Direcci\u00f3n electr\u00f3nica, Direcci\u00f3n IP<\/td>\n<\/tr>\n<\/tbody>\n<\/table>\n<h2><\/h2>\n<h2>Derechos de los interesados<\/h2>\n<p>RAFAEL JOSE CASTA\u00d1ER MASDEU informa a los Usuarios que podr\u00e1n ejercer los derechos de acceso, rectificaci\u00f3n, limitaci\u00f3n, supresi\u00f3n, portabilidad, oposici\u00f3n al tratamiento de sus datos personales y el derecho a no ser objeto de decisiones automatizadas.<\/p>\n<ul>\n<li><strong>Derecho de Acceso:<\/strong><span>\u00a0<\/span>Obtener confirmaci\u00f3n sobre si se est\u00e1n tratando sus datos y acceder a la informaci\u00f3n legal del tratamiento.<\/li>\n<li><strong>Derecho de Rectificaci\u00f3n:<\/strong><span>\u00a0<\/span>Modificaci\u00f3n de los datos inexactos o incompletos.<\/li>\n<li><strong>Derecho a la Limitaci\u00f3n del tratamiento:<\/strong><span>\u00a0<\/span>Solicitar que se limiten los fines del tratamiento.<\/li>\n<li><strong>Derecho de Supresi\u00f3n:<\/strong><span>\u00a0<\/span>Solicitar la eliminaci\u00f3n de los datos, salvo excepciones legales.<\/li>\n<li><strong>Derecho a la Portabilidad:<\/strong><span>\u00a0<\/span>Recibir los datos en formato estructurado y transmitirlos a otro responsable.<\/li>\n<li><strong>Derecho de Oposici\u00f3n:<\/strong><span>\u00a0<\/span>Solicitar que no se traten sus datos cuando el tratamiento se base en inter\u00e9s leg\u00edtimo o mercadotecnia directa.<\/li>\n<li><strong>Derecho a no ser objeto de decisiones automatizadas:<\/strong><span>\u00a0<\/span>Incluida la elaboraci\u00f3n de perfiles.<\/li>\n<li><strong>Derecho a retirar el consentimiento:<\/strong><span>\u00a0<\/span>Puede retirarlo en cualquier momento.<\/li>\n<\/ul>\n<p>Para ejercer cualquiera de estos derechos deber\u00e1:<\/p>\n<ul>\n<li>Presentar un escrito a Cardener, n\u00ba 29, 08024 Barcelona, BARCELONA, a la atenci\u00f3n de RAFAEL JOSE CASTA\u00d1ER MASDEU, o enviar un correo electr\u00f3nico a<span> info@rafacastaner.com<\/span>.<\/li>\n<li>El escrito debe incluir:<\/li>\n<\/ul>\n<ul>\n<li style=\"list-style-type: none;\">\n<ul>\n<li>Identificaci\u00f3n fehaciente; en caso de duda podr\u00e1 solicitarse documentaci\u00f3n adicional.<\/li>\n<li>Si act\u00faa un representante, deber\u00e1 estar autorizado expresamente.<\/li>\n<li>Indicar los derechos que desea ejercer.<\/li>\n<li>Direcci\u00f3n postal o electr\u00f3nica para notificaciones.<\/li>\n<li>Documentos justificativos, si procede.<\/li>\n<li>Acreditaci\u00f3n del env\u00edo y recepci\u00f3n de la solicitud.<\/li>\n<li>Puede presentar una reclamaci\u00f3n ante la Agencia Espa\u00f1ola de Protecci\u00f3n de Datos si considera que existe un incumplimiento normativo.<\/li>\n<\/ul>\n<\/li>\n<\/ul>\n<p>RAFAEL JOSE CASTA\u00d1ER MASDEU se compromete a adoptar las medidas t\u00e9cnicas y organizativas necesarias para garantizar la integridad, confidencialidad y disponibilidad de los datos tratados.<\/p>\n<p>[\/et_pb_text][\/et_pb_column][\/et_pb_row][\/et_pb_section]<\/p>\n","protected":false},"excerpt":{"rendered":"<p>Pol\u00edtica de privacidadDatos del propietario de la web REPRESENTANTE LEGAL: RAFAEL JOSE CASTA\u00d1ER MASDEUNIF\/CIF: ES38122166BDOMINIO: www.rafacastaner.comDIRECCI\u00d3N POSTAL: Cardener, n\u00ba 29, 08024 Barcelona (Barcelona)DIRECCI\u00d3N DE CORREO ELECTR\u00d3NICO: info@rafacastaner.comTEL\u00c9FONO: +34680428833 Protecci\u00f3n de datos De conformidad con la normativa vigente y aplicable en protecci\u00f3n de datos de car\u00e1cter personal, le informamos que sus datos ser\u00e1n incorporados al sistema [&hellip;]<\/p>\n","protected":false},"author":1,"featured_media":0,"parent":0,"menu_order":0,"comment_status":"closed","ping_status":"closed","template":"","meta":{"_acf_changed":false,"_et_pb_use_builder":"on","_et_pb_old_content":"","_et_gb_content_width":"","inline_featured_image":false,"footnotes":""},"class_list":["post-62307","page","type-page","status-publish","hentry"],"acf":[],"yoast_head":"<!-- This site is optimized with the Yoast SEO plugin v27.0 - https:\/\/yoast.com\/product\/yoast-seo-wordpress\/ -->\n<title>Pol\u00edtica de privacidad - Rafa Casta\u00f1er<\/title>\n<meta name=\"robots\" content=\"index, follow, max-snippet:-1, max-image-preview:large, max-video-preview:-1\" \/>\n<link rel=\"canonical\" href=\"https:\/\/www.rafacastaner.com\/ca\/politica-de-privacidad\/\" \/>\n<meta property=\"og:locale\" content=\"ca_ES\" \/>\n<meta property=\"og:type\" content=\"article\" \/>\n<meta property=\"og:title\" content=\"Pol\u00edtica de privacidad - Rafa Casta\u00f1er\" \/>\n<meta property=\"og:description\" content=\"Pol\u00edtica de privacidadDatos del propietario de la web REPRESENTANTE LEGAL: RAFAEL JOSE CASTA\u00d1ER MASDEUNIF\/CIF: ES38122166BDOMINIO: www.rafacastaner.comDIRECCI\u00d3N POSTAL: Cardener, n\u00ba 29, 08024 Barcelona (Barcelona)DIRECCI\u00d3N DE CORREO ELECTR\u00d3NICO: info@rafacastaner.comTEL\u00c9FONO: +34680428833 Protecci\u00f3n de datos De conformidad con la normativa vigente y aplicable en protecci\u00f3n de datos de car\u00e1cter personal, le informamos que sus datos ser\u00e1n incorporados al sistema [&hellip;]\" \/>\n<meta property=\"og:url\" content=\"https:\/\/www.rafacastaner.com\/ca\/politica-de-privacidad\/\" \/>\n<meta property=\"og:site_name\" content=\"Rafa Casta\u00f1er\" \/>\n<meta property=\"article:modified_time\" content=\"2026-02-25T15:38:37+00:00\" \/>\n<meta name=\"twitter:card\" content=\"summary_large_image\" \/>\n<script type=\"application\/ld+json\" class=\"yoast-schema-graph\">{\"@context\":\"https:\/\/schema.org\",\"@graph\":[{\"@type\":\"WebPage\",\"@id\":\"https:\/\/www.rafacastaner.com\/ca\/politica-de-privacidad\/\",\"url\":\"https:\/\/www.rafacastaner.com\/ca\/politica-de-privacidad\/\",\"name\":\"Pol\u00edtica de privacidad - Rafa Casta\u00f1er\",\"isPartOf\":{\"@id\":\"https:\/\/www.rafacastaner.com\/ca\/#website\"},\"datePublished\":\"2026-02-04T10:18:55+00:00\",\"dateModified\":\"2026-02-25T15:38:37+00:00\",\"breadcrumb\":{\"@id\":\"https:\/\/www.rafacastaner.com\/ca\/politica-de-privacidad\/#breadcrumb\"},\"inLanguage\":\"ca\",\"potentialAction\":[{\"@type\":\"ReadAction\",\"target\":[\"https:\/\/www.rafacastaner.com\/ca\/politica-de-privacidad\/\"]}]},{\"@type\":\"BreadcrumbList\",\"@id\":\"https:\/\/www.rafacastaner.com\/ca\/politica-de-privacidad\/#breadcrumb\",\"itemListElement\":[{\"@type\":\"ListItem\",\"position\":1,\"name\":\"Portada\",\"item\":\"https:\/\/www.rafacastaner.com\/ca\/\"},{\"@type\":\"ListItem\",\"position\":2,\"name\":\"Pol\u00edtica de privacidad\"}]},{\"@type\":\"WebSite\",\"@id\":\"https:\/\/www.rafacastaner.com\/ca\/#website\",\"url\":\"https:\/\/www.rafacastaner.com\/ca\/\",\"name\":\"Rafa Casta\u00f1er\",\"description\":\"\",\"potentialAction\":[{\"@type\":\"SearchAction\",\"target\":{\"@type\":\"EntryPoint\",\"urlTemplate\":\"https:\/\/www.rafacastaner.com\/ca\/?s={search_term_string}\"},\"query-input\":{\"@type\":\"PropertyValueSpecification\",\"valueRequired\":true,\"valueName\":\"search_term_string\"}}],\"inLanguage\":\"ca\"}]}<\/script>\n<!-- \/ Yoast SEO plugin. -->","yoast_head_json":{"title":"Pol\u00edtica de privacidad - Rafa Casta\u00f1er","robots":{"index":"index","follow":"follow","max-snippet":"max-snippet:-1","max-image-preview":"max-image-preview:large","max-video-preview":"max-video-preview:-1"},"canonical":"https:\/\/www.rafacastaner.com\/ca\/politica-de-privacidad\/","og_locale":"ca_ES","og_type":"article","og_title":"Pol\u00edtica de privacidad - Rafa Casta\u00f1er","og_description":"Pol\u00edtica de privacidadDatos del propietario de la web REPRESENTANTE LEGAL: RAFAEL JOSE CASTA\u00d1ER MASDEUNIF\/CIF: ES38122166BDOMINIO: www.rafacastaner.comDIRECCI\u00d3N POSTAL: Cardener, n\u00ba 29, 08024 Barcelona (Barcelona)DIRECCI\u00d3N DE CORREO ELECTR\u00d3NICO: info@rafacastaner.comTEL\u00c9FONO: +34680428833 Protecci\u00f3n de datos De conformidad con la normativa vigente y aplicable en protecci\u00f3n de datos de car\u00e1cter personal, le informamos que sus datos ser\u00e1n incorporados al sistema [&hellip;]","og_url":"https:\/\/www.rafacastaner.com\/ca\/politica-de-privacidad\/","og_site_name":"Rafa Casta\u00f1er","article_modified_time":"2026-02-25T15:38:37+00:00","twitter_card":"summary_large_image","schema":{"@context":"https:\/\/schema.org","@graph":[{"@type":"WebPage","@id":"https:\/\/www.rafacastaner.com\/ca\/politica-de-privacidad\/","url":"https:\/\/www.rafacastaner.com\/ca\/politica-de-privacidad\/","name":"Pol\u00edtica de privacidad - Rafa Casta\u00f1er","isPartOf":{"@id":"https:\/\/www.rafacastaner.com\/ca\/#website"},"datePublished":"2026-02-04T10:18:55+00:00","dateModified":"2026-02-25T15:38:37+00:00","breadcrumb":{"@id":"https:\/\/www.rafacastaner.com\/ca\/politica-de-privacidad\/#breadcrumb"},"inLanguage":"ca","potentialAction":[{"@type":"ReadAction","target":["https:\/\/www.rafacastaner.com\/ca\/politica-de-privacidad\/"]}]},{"@type":"BreadcrumbList","@id":"https:\/\/www.rafacastaner.com\/ca\/politica-de-privacidad\/#breadcrumb","itemListElement":[{"@type":"ListItem","position":1,"name":"Portada","item":"https:\/\/www.rafacastaner.com\/ca\/"},{"@type":"ListItem","position":2,"name":"Pol\u00edtica de privacidad"}]},{"@type":"WebSite","@id":"https:\/\/www.rafacastaner.com\/ca\/#website","url":"https:\/\/www.rafacastaner.com\/ca\/","name":"Rafa Casta\u00f1er","description":"","potentialAction":[{"@type":"SearchAction","target":{"@type":"EntryPoint","urlTemplate":"https:\/\/www.rafacastaner.com\/ca\/?s={search_term_string}"},"query-input":{"@type":"PropertyValueSpecification","valueRequired":true,"valueName":"search_term_string"}}],"inLanguage":"ca"}]}},"_links":{"self":[{"href":"https:\/\/www.rafacastaner.com\/ca\/wp-json\/wp\/v2\/pages\/62307","targetHints":{"allow":["GET"]}}],"collection":[{"href":"https:\/\/www.rafacastaner.com\/ca\/wp-json\/wp\/v2\/pages"}],"about":[{"href":"https:\/\/www.rafacastaner.com\/ca\/wp-json\/wp\/v2\/types\/page"}],"author":[{"embeddable":true,"href":"https:\/\/www.rafacastaner.com\/ca\/wp-json\/wp\/v2\/users\/1"}],"replies":[{"embeddable":true,"href":"https:\/\/www.rafacastaner.com\/ca\/wp-json\/wp\/v2\/comments?post=62307"}],"version-history":[{"count":6,"href":"https:\/\/www.rafacastaner.com\/ca\/wp-json\/wp\/v2\/pages\/62307\/revisions"}],"predecessor-version":[{"id":64897,"href":"https:\/\/www.rafacastaner.com\/ca\/wp-json\/wp\/v2\/pages\/62307\/revisions\/64897"}],"wp:attachment":[{"href":"https:\/\/www.rafacastaner.com\/ca\/wp-json\/wp\/v2\/media?parent=62307"}],"curies":[{"name":"wp","href":"https:\/\/api.w.org\/{rel}","templated":true}]}}